{"id":4174,"date":"2023-04-27T18:04:24","date_gmt":"2023-04-27T18:04:24","guid":{"rendered":"https:\/\/csiag.eu\/?page_id=4174"},"modified":"2024-04-27T14:15:48","modified_gmt":"2024-04-27T14:15:48","slug":"konsultavimo-paslaugos","status":"publish","type":"page","link":"https:\/\/csiag.eu\/lt\/beratungs-service\/","title":{"rendered":"Konsultavimo paslaugos"},"content":{"rendered":"<span class=\"span-reading-time rt-reading-time\" style=\"display: block;\"><span class=\"rt-label rt-prefix\">Skaitymo laikas<\/span> <span class=\"rt-time\"> &lt; 1<\/span> <span class=\"rt-label rt-postfix\">Minut\u0117<\/span><\/span>\n<p>Nepriklausomos, ekspert\u0173 konsultavimo paslaugos, pritaikytos j\u016bs\u0173 individualiems poreikiams, u\u017etikrina j\u016bs\u0173 projekto planavimo saugum\u0105 ir investicij\u0173 apsaug\u0105.<\/p>\n\n\n\n<p>Toliau i\u0161vardytos sritys gali b\u016bti naudojamos ir stacionarioms, ir mobiliosioms programoms:<\/p>\n\n\n\n<ul class=\"wp-block-list\">\n<li><strong>Ekranavimo technologija<\/strong><br>- \u017demo da\u017enio, auk\u0161to da\u017enio (iki -100 dB) ir kintamo magnetinio lauko (iki 93 %)<\/li>\n\n\n\n<li><strong>Energetikos technologijos<\/strong><br>- Fotovoltin\u0117 maitinimo sistema, salos, lygiagretus arba hibridinis veikimas, UPS<\/li>\n\n\n\n<li><strong>Radijo, radijo relin\u0117s, WLAN, tinklo ir matavimo technologijos<\/strong><br>- Anten\u0173 technologija, mar\u0161rutizatoriai, komutatoriai<br>- EMP, ELF, RF, HF matavimas<\/li>\n\n\n\n<li><strong>SmartHome<\/strong><br>- Atitinkam\u0173 jutikli\u0173, pavaros ir vartotoj\u0173 integravimas ir vizualizavimas<\/li>\n\n\n\n<li><strong>Valdymo ir reguliavimo technologijos<\/strong><br>- Balanso ta\u0161ko valdymas, i\u0161matuot\u0173 ver\u010di\u0173 gavimas ir apdorojimas<\/li>\n\n\n\n<li><strong>Steb\u0117senos technologija<\/strong><br>- Vaizdo kameros, \u012fra\u0161ymo \u012frenginiai, internetin\u0117 saugykla<br>- IR pro\u017eektorius<\/li>\n<\/ul>\n\n\n\n<p>Bet kuriuo metu galite pateikti savo problem\u0105 ir papra\u0161yti nemokamos pirmin\u0117s konsultacijos:<\/p>\n\n\n\n<div class=\"wpcf7 no-js\" id=\"wpcf7-f7213-o1\" lang=\"de-DE\" dir=\"ltr\" data-wpcf7-id=\"7213\">\n<div class=\"screen-reader-response\"><p role=\"status\" aria-live=\"polite\" aria-atomic=\"true\"><\/p> <ul><\/ul><\/div>\n<form action=\"\/lt\/wp-json\/wp\/v2\/pages\/4174#wpcf7-f7213-o1\" method=\"post\" class=\"wpcf7-form init\" aria-label=\"Kontaktin\u0117 forma\" novalidate=\"novalidate\" data-status=\"init\" data-trp-original-action=\"\/lt\/wp-json\/wp\/v2\/pages\/4174#wpcf7-f7213-o1\">\n<fieldset class=\"hidden-fields-container\"><input type=\"hidden\" name=\"_wpcf7\" value=\"7213\" \/><input type=\"hidden\" name=\"_wpcf7_version\" value=\"6.1.5\" \/><input type=\"hidden\" name=\"_wpcf7_locale\" value=\"de_DE\" \/><input type=\"hidden\" name=\"_wpcf7_unit_tag\" value=\"wpcf7-f7213-o1\" \/><input type=\"hidden\" name=\"_wpcf7_container_post\" value=\"0\" \/><input type=\"hidden\" name=\"_wpcf7_posted_data_hash\" value=\"\" \/>\n<\/fieldset>\n<p><label> Pavard\u0117, vardas<br \/>\n<span class=\"wpcf7-form-control-wrap\" data-name=\"your-name\"><input size=\"40\" maxlength=\"400\" class=\"wpcf7-form-control wpcf7-text wpcf7-validates-as-required\" autocomplete=\"name\" aria-required=\"true\" aria-invalid=\"false\" value=\"\" type=\"text\" name=\"your-name\" \/><\/span> <\/label>\n<\/p>\n<p><label> El. pa\u0161to adresas<br \/>\n<span class=\"wpcf7-form-control-wrap\" data-name=\"your-email\"><input size=\"40\" maxlength=\"400\" class=\"wpcf7-form-control wpcf7-email wpcf7-validates-as-required wpcf7-text wpcf7-validates-as-email\" autocomplete=\"email\" aria-required=\"true\" aria-invalid=\"false\" value=\"\" type=\"email\" name=\"your-email\" \/><\/span> <\/label>\n<\/p>\n<p><label> Telefonas \/ Mobiliojo telefono numeris<br \/>\n<span class=\"wpcf7-form-control-wrap\" data-name=\"your-tel\"><input size=\"40\" maxlength=\"400\" class=\"wpcf7-form-control wpcf7-tel wpcf7-text wpcf7-validates-as-tel\" aria-invalid=\"false\" value=\"\" type=\"tel\" name=\"your-tel\" \/><\/span> <\/label>\n<\/p>\n<p><label> Tema<br \/>\n<span class=\"wpcf7-form-control-wrap\" data-name=\"your-subject\"><input size=\"40\" maxlength=\"400\" class=\"wpcf7-form-control wpcf7-text wpcf7-validates-as-required\" aria-required=\"true\" aria-invalid=\"false\" value=\"\" type=\"text\" name=\"your-subject\" \/><\/span> <\/label>\n<\/p>\n<p><label> J\u016bs\u0173 \u017einut\u0117<br \/>\n<span class=\"wpcf7-form-control-wrap\" data-name=\"your-message\"><textarea cols=\"40\" rows=\"10\" maxlength=\"2000\" class=\"wpcf7-form-control wpcf7-textarea\" aria-invalid=\"false\" name=\"your-message\"><\/textarea><\/span> <\/label>\n<\/p>\n<p><span class=\"wpcf7-form-control-wrap\" data-name=\"your-consent\"><span class=\"wpcf7-form-control wpcf7-acceptance\"><span class=\"wpcf7-list-item\"><label><input type=\"checkbox\" name=\"your-consent\" value=\"1\" aria-invalid=\"false\" \/><span class=\"wpcf7-list-item-label\">Sutinku, kad mano duomenys b\u016bt\u0173 saugomi ir tvarkomi pagal BDAR su pakeitimais.<\/span><\/label><\/span><\/span><\/span>\n<\/p>\n<p><input class=\"wpcf7-form-control wpcf7-submit has-spinner\" type=\"submit\" value=\"Si\u0173sti\" \/>\n<\/p><input type=\"hidden\" id=\"ct_checkjs_cf7_2b8a61594b1f4c4db0902a8a395ced93\" name=\"ct_checkjs_cf7\" value=\"0\" \/><script >setTimeout(function(){var ct_input_name = \"ct_checkjs_cf7_2b8a61594b1f4c4db0902a8a395ced93\";if (document.getElementById(ct_input_name) !== null) {var ct_input_value = document.getElementById(ct_input_name).value;document.getElementById(ct_input_name).value = document.getElementById(ct_input_name).value.replace(ct_input_value, '718e63818de22daca60eacaa8a46d2493060c89072363cb603a54ca859ff033c');}}, 1000);<\/script><input\n                    class=\"apbct_special_field apbct_email_id__wp_contact_form_7\"\n                    name=\"apbct__email_id__wp_contact_form_7\"\n                    aria-label=\"apbct__label_id__wp_contact_form_7\"\n                    type=\"text\" size=\"30\" maxlength=\"200\" autocomplete=\"off\"\n                    value=\"\"\n                \/><div class=\"wpcf7-response-output\" aria-hidden=\"true\"><\/div>\n<input type=\"hidden\" name=\"trp-form-language\" value=\"lt\"\/><\/form>\n<\/div>","protected":false},"excerpt":{"rendered":"<p><span class=\"span-reading-time rt-reading-time\" style=\"display: block;\"><span class=\"rt-label rt-prefix\">Skaitymo laikas<\/span> <span class=\"rt-time\"> &lt; 1<\/span> <span class=\"rt-label rt-postfix\">Minut\u0117<\/span><\/span>Nepriklausomos, ekspert\u0173 konsultavimo paslaugos, pritaikytos j\u016bs\u0173 individualiems poreikiams, u\u017etikrina j\u016bs\u0173 projekto planavimo saugum\u0105 ir investicij\u0173 apsaug\u0105. Tiek stacionarioms, tiek mobiliosioms programoms skirtos \u0161ios sritys: Kvie\u010diame bet kada pateikti savo problem\u0105 ir papra\u0161yti nemokamos pirmin\u0117s konsultacijos:<\/p>","protected":false},"author":1,"featured_media":0,"parent":0,"menu_order":0,"comment_status":"closed","ping_status":"closed","template":"","meta":{"_lmt_disableupdate":"","_lmt_disable":"","neve_meta_sidebar":"","neve_meta_container":"","neve_meta_enable_content_width":"","neve_meta_content_width":0,"neve_meta_title_alignment":"","neve_meta_author_avatar":"","neve_post_elements_order":"","neve_meta_disable_header":"","neve_meta_disable_footer":"","neve_meta_disable_title":"","footnotes":""},"class_list":["post-4174","page","type-page","status-publish","hentry"],"_links":{"self":[{"href":"https:\/\/csiag.eu\/lt\/wp-json\/wp\/v2\/pages\/4174","targetHints":{"allow":["GET"]}}],"collection":[{"href":"https:\/\/csiag.eu\/lt\/wp-json\/wp\/v2\/pages"}],"about":[{"href":"https:\/\/csiag.eu\/lt\/wp-json\/wp\/v2\/types\/page"}],"author":[{"embeddable":true,"href":"https:\/\/csiag.eu\/lt\/wp-json\/wp\/v2\/users\/1"}],"replies":[{"embeddable":true,"href":"https:\/\/csiag.eu\/lt\/wp-json\/wp\/v2\/comments?post=4174"}],"version-history":[{"count":0,"href":"https:\/\/csiag.eu\/lt\/wp-json\/wp\/v2\/pages\/4174\/revisions"}],"wp:attachment":[{"href":"https:\/\/csiag.eu\/lt\/wp-json\/wp\/v2\/media?parent=4174"}],"curies":[{"name":"wp","href":"https:\/\/api.w.org\/{rel}","templated":true}]}}