{"id":58,"date":"2021-06-16T18:19:34","date_gmt":"2021-06-16T18:19:34","guid":{"rendered":"https:\/\/hosting159620.ae813.netcup.net\/wp\/?page_id=58"},"modified":"2026-03-25T10:37:51","modified_gmt":"2026-03-25T10:37:51","slug":"wie-schrijft-hier","status":"publish","type":"page","link":"https:\/\/csiag.eu\/nl\/wer-schreibt-hier\/","title":{"rendered":"Wie schrijft hier?"},"content":{"rendered":"<div id=\"ez-toc-container\" class=\"ez-toc-v2_0_82_2 counter-hierarchy ez-toc-counter ez-toc-grey ez-toc-container-direction\">\n<div class=\"ez-toc-title-container\">\n<p class=\"ez-toc-title\" style=\"cursor:inherit\">Inhoudsopgave<\/p>\n<span class=\"ez-toc-title-toggle\"><\/span><\/div>\n<nav><ul class='ez-toc-list ez-toc-list-level-1' ><li class='ez-toc-page-1 ez-toc-heading-level-2'><a class=\"ez-toc-link ez-toc-heading-1\" href=\"https:\/\/csiag.eu\/nl\/wer-schreibt-hier\/#Technik\" >Technologie<\/a><\/li><li class='ez-toc-page-1 ez-toc-heading-level-2'><a class=\"ez-toc-link ez-toc-heading-2\" href=\"https:\/\/csiag.eu\/nl\/wer-schreibt-hier\/#Beratung\" >Begeleiding<\/a><\/li><li class='ez-toc-page-1 ez-toc-heading-level-2'><a class=\"ez-toc-link ez-toc-heading-3\" href=\"https:\/\/csiag.eu\/nl\/wer-schreibt-hier\/#Medizin\" >geneesmiddel<\/a><\/li><li class='ez-toc-page-1 ez-toc-heading-level-2'><a class=\"ez-toc-link ez-toc-heading-4\" href=\"https:\/\/csiag.eu\/nl\/wer-schreibt-hier\/#Freizeit\" >Freizeit<\/a><\/li><li class='ez-toc-page-1 ez-toc-heading-level-2'><a class=\"ez-toc-link ez-toc-heading-5\" href=\"https:\/\/csiag.eu\/nl\/wer-schreibt-hier\/#Umbruch\" >Umbruch<\/a><\/li><li class='ez-toc-page-1 ez-toc-heading-level-2'><a class=\"ez-toc-link ez-toc-heading-6\" href=\"https:\/\/csiag.eu\/nl\/wer-schreibt-hier\/#Aufbruch\" >Aufbruch<\/a><\/li><li class='ez-toc-page-1 ez-toc-heading-level-2'><a class=\"ez-toc-link ez-toc-heading-7\" href=\"https:\/\/csiag.eu\/nl\/wer-schreibt-hier\/#Kontakt\" >contact<\/a><\/li><\/ul><\/nav><\/div>\n<span class=\"span-reading-time rt-reading-time\" style=\"display: block;\"><span class=\"rt-label rt-prefix\">Leestijd<\/span> <span class=\"rt-time\"> 3<\/span> <span class=\"rt-label rt-postfix\">minuten<\/span><\/span>\n<p>Technik ob im Bereich Medizin-, LASER-, Computer-, Netzwerk-, Elektro-, Mess- und Regel-, Energie-Technik war f\u00fcr mich schon immer reizvoll. Insbesondere mich autodidaktisch in die unterschiedlichsten Themen einzuarbeiten, das damals erste tragbare HeNe-LASER-Ger\u00e4t f\u00fcr die Medizin zu entwickeln, herzustellen und zu vertreiben, Abrechnungs- und Verwaltungs-Programme und Software f\u00fcr bildgebende Verfahren, wie CT, MR, DR in Arztpraxen und Kliniken einzuf\u00fchren, aber auch so manches medizinische, wie technische Thema redaktionell zu bearbeiten.<\/p>\n\n\n\n<h2 class=\"wp-block-heading\"><span class=\"ez-toc-section\" id=\"Technik\"><\/span>Technologie<span class=\"ez-toc-section-end\"><\/span><\/h2>\n\n\n\n<p>In de loop van de tijd werd er andere technische apparatuur aan de thuisomgeving toegevoegd, waardoor \u00e9\u00e9n netwerkkast niet meer voldeed en een tweede noodzakelijk werd.<\/p>\n\n\n\n<p>SmartHome leistete seinen nicht unerheblichen Beitrag zum Rechnerpark, Notstromversorgungen wurden angeschafft, um alle SmartHome-Systeme auch \u00fcber Stromausf\u00e4lle hinweg in Betrieb zu halten.<\/p>\n\n\n\n<p>Mit steigendem Strombedarf und zunehmend \u00f6kologischer Denkausrichtung wurden eine Brennstoffzelle, ein MikroBHKW und eine PV-Anlage installiert, die etwa 95% des Gesamtbedarfs aller drei unter einem Dach vereinten Wohneinheiten decken.<\/p>\n\n\n\n<p>Dem steigenden Sicherheitsbed\u00fcrfnis entsprechend verrichten 22 Hikvision-Kameras ihren Wachdienst klaglos, zur Freude der Mieter, die nunmehr sich in die Lage versetzt sahen, bereits vor \u00d6ffnen der Haust\u00fcre entscheiden zu k\u00f6nnen, wem Sie Zutritt gew\u00e4hren wollen.<\/p>\n\n\n\n<p>Nebenbei profitierten sie von der Nutzung des, Dank der umfassenden Netzwerkinfrastruktur, zur Verf\u00fcgung gestellten 500 MBit\/s DSL-Anschlusses, via LAN und 1 GBit\/s Richtfunkstrecke.<\/p>\n\n\n\n<h2 class=\"wp-block-heading\"><span class=\"ez-toc-section\" id=\"Beratung\"><\/span>Begeleiding<span class=\"ez-toc-section-end\"><\/span><\/h2>\n\n\n\n<p>Beruflich bin ich \u00fcberwiegend beratend in o.g. Themenkreisen t\u00e4tig, biete entsprechende Seminare, Schulungen, aber auch komplette technische Planungen an.<\/p>\n\n\n\n<h2 class=\"wp-block-heading\"><span class=\"ez-toc-section\" id=\"Medizin\"><\/span>geneesmiddel<span class=\"ez-toc-section-end\"><\/span><\/h2>\n\n\n\n<p>Nachdem medizinische (Fach-)Beitr\u00e4ge das Blog zunehmend bereichern, auch aus Nachfragen von Lesern resultierend, habe ich einen <a href=\"https:\/\/t.me\/natuerliche_Heilkraft\" target=\"_blank\" rel=\"noreferrer noopener\">Telegram kanaal <\/a>erstellt, der sich schwerpunktm\u00e4\u00dfig mit dem Thema &#8222;Heilkraft aus der Pflanzenwelt&#8220; befasst und auf die hier eingestellten Beitr\u00e4ge verlinkt.<\/p>\n\n\n\n<p>Es werden adjuvante oder alternativ einsetzbare therapeutische Wirkstoffe vorgestellt, stets wissenschaftlich belegt mit Links zu meist Peer-Review-Studien und erg\u00e4nzt um detaillierte Wirkweisen, z.T. auch Dosierungsempfehlungen, basierend auf den zitierten Studien. Diese ersetzen niemals das Gespr\u00e4ch mit dem Behandler, sondern geben Anhaltspunkte und Anregung zur Integration in eine bestehende Therapie.<\/p>\n\n\n\n<p>Die Beitr\u00e4ge sind geeignet, um einem Mediziner gegen\u00fcber ein ad\u00e4quater Gespr\u00e4chspartner zu sein: \u00c4rzte haben meist die Nase gestrichen voll von H\u00f6ren-Sagen-Geschichten ihrer Patienten und daf\u00fcr &#8211; verst\u00e4ndlicherweise &#8211; auch keine Zeit.<br>Erkennen sie aber solide vermittelte Sachkenntnis, werden sie oft zu  einem dankbaren Gespr\u00e4chspartner, offen f\u00fcr Fakten neben ihren schuldmedizinischen &#8222;Goldstandards&#8220; und &#8222;Richtlinien-Therapien&#8220;, zumal, wenn sie z.B. mit einem PDF-Ausdruck eines Beitrags Wissen und aktuelle Studienergebnisse vermittelt erhalten, f\u00fcr deren eigene Recherche keine zeitlichen Kapazit\u00e4ten gegeben sind.<\/p>\n\n\n\n<p>Anerkennen muss man stets, dass es nicht f\u00fcr jedes pharmazeutische Produkt mit &#8222;unerw\u00fcnschten Nebenwirkungen&#8220; auch ein (fast von unerw\u00fcnschten Nebenwirkungen freies) rein pflanzliches Pendant gibt.<\/p>\n\n\n\n<p>Ebenso ist wichtig zu wissem, dass nicht jedes pharmakologische Pr\u00e4parat &#8222;unerw\u00fcnschte&#8220; Nebenwirkungen zeitigt. Es gibt auch &#8211; gesunde &#8211; Nebenwirkungen. So z.B. von <em>Rituximab<\/em>, einem Mittel gegen Tumore, das GEZIELT NUR diese eine Funktion besitzt, n\u00e4mlich Tumorzellen durch Entfernen ihrer &#8222;Tarnkappe&#8220; dem Immunsystem zug\u00e4nglich zu machen und dadurch vernichten zu lassen.<br>Die dabei auftretenden &#8222;Nebenwirkungen&#8220; sind nat\u00fcrlicher Art: Wenn das Immunsystem Abermilliarden Tumorzellen vernichtet, fallen Unmengen von Zelltr\u00fcmmern an, die fortgeschafft werden m\u00fcssen. Das ist H\u00f6chstleistung, &#8211; und die geht nat\u00fcrlicherweise mit Fieber, Sch\u00fcttelfrost, ggf. \u00dcbelkeit, etc. einher, NICHT aber mit z.B: Haarausfall, wie von &#8222;Chemotherapeutika&#8220; bekannt. Diese wirken n\u00e4mlich &#8211; leider &#8211; nicht zielgerichtet nur in Bezug auf Tumorzellen, sondern schlicht auf ALLE sich &#8211; schnell &#8211; teilenden Zellen ein, somit zum Leidwesen der Nicht-Tumorzellen, was die &#8222;unerw\u00fcnschte&#8220; Nebenwirkung darstellt.<\/p>\n\n\n\n<p>Hier dem Patienten mehr Sicherheit durch Wissen zu vermitteln ist Ziel meiner derartigen Beitr\u00e4ge.<\/p>\n\n\n\n<h2 class=\"wp-block-heading\"><span class=\"ez-toc-section\" id=\"Freizeit\"><\/span>Freizeit<span class=\"ez-toc-section-end\"><\/span><\/h2>\n\n\n\n<p>In mijn vrije tijd geniet ik van het samen zijn met mijn vrouw, onze twee husky\u2019s, met wie we in het koude seizoen trainen in de trekhondensport, maar ook van het verfrissende water in onze natuurlijke zwemvijver of van de rust van de natuur, het weidse uitzicht van de velden in het oosten - Dijk, de ontmoetingsplaats van konijnen, fazanten, herten, ooievaars en de altijd frisse Noordse wind, die zelfs op warme dagen zelden zijn frisse bries mist.<\/p>\n\n\n\n<h2 class=\"wp-block-heading\"><span class=\"ez-toc-section\" id=\"Umbruch\"><\/span>Umbruch<span class=\"ez-toc-section-end\"><\/span><\/h2>\n\n\n\n<p>De bepaalde jaren van de C...-kwestie hebben maar weinig mensen ongedeerd gelaten. Voor sommigen was niets meer zoals voorheen, anderen stierven voortijdig en slechts een enkeling bleef gespaard voor ernstiger gevolgen.<\/p>\n\n\n\n<h2 class=\"wp-block-heading\"><span class=\"ez-toc-section\" id=\"Aufbruch\"><\/span>Aufbruch<span class=\"ez-toc-section-end\"><\/span><\/h2>\n\n\n\n<p>We verkochten ons huis en begonnen te reizen op zoek naar een vredig hoekje van de wereld, mensen die hun hart en gedachten op de juiste plaats hebben. Gedurende deze tijd bleef ik nieuwe berichten schrijven op deze blog over de meest uiteenlopende onderwerpen. <\/p>\n\n\n\n<p>Het artikel \"<a href=\"https:\/\/csiag.eu\/nl\/mijn-manieren\/\" data-type=\"post\" data-id=\"4114\">Mijn manieren?<\/a>\" vat veel momenten in mijn leven samen die achteraf gezien, ook voor mij, een interessante ontwikkeling schetsen, aanzetten tot nadenken en hier en daar nieuwe perspectieven openen.<\/p>\n\n\n\n<h2 class=\"wp-block-heading\"><span class=\"ez-toc-section\" id=\"Kontakt\"><\/span>contact<span class=\"ez-toc-section-end\"><\/span><\/h2>\n\n\n\n<p>Iedereen die contact met ons wil opnemen is altijd welkom en kan ons een <a href=\"mailto:\/\/info@csiag.de\" target=\"_blank\" rel=\"noopener\">E-mail<\/a> schrijven ... :-).<\/p>","protected":false},"excerpt":{"rendered":"<p><span class=\"span-reading-time rt-reading-time\" style=\"display: block;\"><span class=\"rt-label rt-prefix\">Leestijd<\/span> <span class=\"rt-time\"> 3<\/span> <span class=\"rt-label rt-postfix\">minuten<\/span><\/span>Technologie, of het nu gaat om geneeskunde, LASER, computer, netwerk, elektriciteit, meet- en regeltechniek of energietechnologie, heeft me altijd aangesproken. Ik was autodidact en maakte mezelf vertrouwd met een breed scala aan onderwerpen, ontwikkelde, produceerde en distribueerde het eerste draagbare HeNe-LASER-apparaat voor medische toepassingen, ontwikkelde facturerings- en administratieprogramma's en software voor beeldvormingsprocedures zoals CT, MR, DR in medische praktijken...&nbsp;<a href=\"https:\/\/csiag.eu\/nl\/wer-schreibt-hier\/\" rel=\"bookmark\">Lees verder \"<span class=\"screen-reader-text\">Wie schrijft hier?<\/span><\/a><\/p>","protected":false},"author":1,"featured_media":0,"parent":0,"menu_order":0,"comment_status":"closed","ping_status":"closed","template":"","meta":{"_lmt_disableupdate":"","_lmt_disable":"","neve_meta_sidebar":"","neve_meta_container":"","neve_meta_enable_content_width":"","neve_meta_content_width":0,"neve_meta_title_alignment":"","neve_meta_author_avatar":"","neve_post_elements_order":"","neve_meta_disable_header":"","neve_meta_disable_footer":"","neve_meta_disable_title":"","footnotes":""},"class_list":["post-58","page","type-page","status-publish","hentry"],"_links":{"self":[{"href":"https:\/\/csiag.eu\/nl\/wp-json\/wp\/v2\/pages\/58","targetHints":{"allow":["GET"]}}],"collection":[{"href":"https:\/\/csiag.eu\/nl\/wp-json\/wp\/v2\/pages"}],"about":[{"href":"https:\/\/csiag.eu\/nl\/wp-json\/wp\/v2\/types\/page"}],"author":[{"embeddable":true,"href":"https:\/\/csiag.eu\/nl\/wp-json\/wp\/v2\/users\/1"}],"replies":[{"embeddable":true,"href":"https:\/\/csiag.eu\/nl\/wp-json\/wp\/v2\/comments?post=58"}],"version-history":[{"count":0,"href":"https:\/\/csiag.eu\/nl\/wp-json\/wp\/v2\/pages\/58\/revisions"}],"wp:attachment":[{"href":"https:\/\/csiag.eu\/nl\/wp-json\/wp\/v2\/media?parent=58"}],"curies":[{"name":"wp","href":"https:\/\/api.w.org\/{rel}","templated":true}]}}