{"id":4174,"date":"2023-04-27T18:04:24","date_gmt":"2023-04-27T18:04:24","guid":{"rendered":"https:\/\/csiag.eu\/?page_id=4174"},"modified":"2024-04-27T14:15:48","modified_gmt":"2024-04-27T14:15:48","slug":"danismanlik-hizmeti","status":"publish","type":"page","link":"https:\/\/csiag.eu\/tr\/beratungs-service\/","title":{"rendered":"Dan\u0131\u015fmanl\u0131k hizmeti"},"content":{"rendered":"<span class=\"span-reading-time rt-reading-time\" style=\"display: block;\"><span class=\"rt-label rt-prefix\">Okuma s\u00fcresi<\/span> <span class=\"rt-time\"> &lt; 1<\/span> <span class=\"rt-label rt-postfix\">Dakika<\/span><\/span>\n<p>Bireysel ihtiya\u00e7lar\u0131n\u0131za g\u00f6re uyarlanm\u0131\u015f ba\u011f\u0131ms\u0131z, uzman dan\u0131\u015fmanl\u0131k hizmeti, size projeniz i\u00e7in planlama g\u00fcvenli\u011fi ve yat\u0131r\u0131m korumas\u0131 sunar.<\/p>\n\n\n\n<p>A\u015fa\u011f\u0131daki alanlar hem sabit hem de mobil uygulamalar i\u00e7in mevcuttur:<\/p>\n\n\n\n<ul class=\"wp-block-list\">\n<li><strong>Ekranlama teknolojisi<\/strong><br>- D\u00fc\u015f\u00fck frekans, y\u00fcksek frekans (-100 dB'nin \u00fczerine kadar) ve alternatif manyetik alanlar (93 %'ye kadar)<\/li>\n\n\n\n<li><strong>Enerji teknolojisi<\/strong><br>- Fotovoltaik besleme, ada, paralel veya hibrit \u00e7al\u0131\u015fma, UPS<\/li>\n\n\n\n<li><strong>Radyo, radyo r\u00f6lesi, WLAN, a\u011f ve \u00f6l\u00e7\u00fcm teknolojisi<\/strong><br>- Anten teknolojisi, y\u00f6nlendiriciler, anahtarlar<br>- EMF, ELF, RF, HF \u00f6l\u00e7\u00fcm\u00fc<\/li>\n\n\n\n<li><strong>Ak\u0131ll\u0131 Ev<\/strong><br>- \u0130lgili sens\u00f6rlerin, akt\u00fcat\u00f6rlerin ve t\u00fcketicilerin entegrasyonu ve g\u00f6rselle\u015ftirilmesi<\/li>\n\n\n\n<li><strong>Kontrol ve d\u00fczenleme teknolojisi<\/strong><br>- Denge noktas\u0131 kontrol\u00fc, \u00f6l\u00e7\u00fclen de\u011ferin al\u0131nmas\u0131 ve i\u015flenmesi<\/li>\n\n\n\n<li><strong>\u0130zleme teknolojisi<\/strong><br>- Video kameralar, kay\u0131t cihazlar\u0131, \u00e7evrimi\u00e7i depolama<br>- IR spot \u0131\u015f\u0131\u011f\u0131<\/li>\n<\/ul>\n\n\n\n<p>Sorununuzu istedi\u011finiz zaman iletebilir ve \u00fccretsiz bir ilk dan\u0131\u015fmanl\u0131k talep edebilirsiniz:<\/p>\n\n\n\n<div class=\"wpcf7 no-js\" id=\"wpcf7-f7213-o1\" lang=\"de-DE\" dir=\"ltr\" data-wpcf7-id=\"7213\">\n<div class=\"screen-reader-response\"><p role=\"status\" aria-live=\"polite\" aria-atomic=\"true\"><\/p> <ul><\/ul><\/div>\n<form action=\"\/tr\/wp-json\/wp\/v2\/pages\/4174#wpcf7-f7213-o1\" method=\"post\" class=\"wpcf7-form init\" aria-label=\"\u0130leti\u015fim formu\" novalidate=\"novalidate\" data-status=\"init\" data-trp-original-action=\"\/tr\/wp-json\/wp\/v2\/pages\/4174#wpcf7-f7213-o1\">\n<fieldset class=\"hidden-fields-container\"><input type=\"hidden\" name=\"_wpcf7\" value=\"7213\" \/><input type=\"hidden\" name=\"_wpcf7_version\" value=\"6.1.5\" \/><input type=\"hidden\" name=\"_wpcf7_locale\" value=\"de_DE\" \/><input type=\"hidden\" name=\"_wpcf7_unit_tag\" value=\"wpcf7-f7213-o1\" \/><input type=\"hidden\" name=\"_wpcf7_container_post\" value=\"0\" \/><input type=\"hidden\" name=\"_wpcf7_posted_data_hash\" value=\"\" \/>\n<\/fieldset>\n<p><label> Soyad\u0131, ad\u0131<br \/>\n<span class=\"wpcf7-form-control-wrap\" data-name=\"your-name\"><input size=\"40\" maxlength=\"400\" class=\"wpcf7-form-control wpcf7-text wpcf7-validates-as-required\" autocomplete=\"name\" aria-required=\"true\" aria-invalid=\"false\" value=\"\" type=\"text\" name=\"your-name\" \/><\/span> <\/label>\n<\/p>\n<p><label> E-posta adresi<br \/>\n<span class=\"wpcf7-form-control-wrap\" data-name=\"your-email\"><input size=\"40\" maxlength=\"400\" class=\"wpcf7-form-control wpcf7-email wpcf7-validates-as-required wpcf7-text wpcf7-validates-as-email\" autocomplete=\"email\" aria-required=\"true\" aria-invalid=\"false\" value=\"\" type=\"email\" name=\"your-email\" \/><\/span> <\/label>\n<\/p>\n<p><label> Telefon \/ Cep telefonu numaras\u0131<br \/>\n<span class=\"wpcf7-form-control-wrap\" data-name=\"your-tel\"><input size=\"40\" maxlength=\"400\" class=\"wpcf7-form-control wpcf7-tel wpcf7-text wpcf7-validates-as-tel\" aria-invalid=\"false\" value=\"\" type=\"tel\" name=\"your-tel\" \/><\/span> <\/label>\n<\/p>\n<p><label> Konu<br \/>\n<span class=\"wpcf7-form-control-wrap\" data-name=\"your-subject\"><input size=\"40\" maxlength=\"400\" class=\"wpcf7-form-control wpcf7-text wpcf7-validates-as-required\" aria-required=\"true\" aria-invalid=\"false\" value=\"\" type=\"text\" name=\"your-subject\" \/><\/span> <\/label>\n<\/p>\n<p><label> Mesaj\u0131n\u0131z<br \/>\n<span class=\"wpcf7-form-control-wrap\" data-name=\"your-message\"><textarea cols=\"40\" rows=\"10\" maxlength=\"2000\" class=\"wpcf7-form-control wpcf7-textarea\" aria-invalid=\"false\" name=\"your-message\"><\/textarea><\/span> <\/label>\n<\/p>\n<p><span class=\"wpcf7-form-control-wrap\" data-name=\"your-consent\"><span class=\"wpcf7-form-control wpcf7-acceptance\"><span class=\"wpcf7-list-item\"><label><input type=\"checkbox\" name=\"your-consent\" value=\"1\" aria-invalid=\"false\" \/><span class=\"wpcf7-list-item-label\">Verilerimin de\u011fi\u015ftirilmi\u015f haliyle GDPR \u00e7er\u00e7evesinde saklanmas\u0131n\u0131 ve i\u015flenmesini kabul ediyorum.<\/span><\/label><\/span><\/span><\/span>\n<\/p>\n<p><input class=\"wpcf7-form-control wpcf7-submit has-spinner\" type=\"submit\" value=\"G\u00f6nder\" \/>\n<\/p><input type=\"hidden\" id=\"ct_checkjs_cf7_0d7de1aca9299fe63f3e0041f02638a3\" name=\"ct_checkjs_cf7\" value=\"0\" \/><script >setTimeout(function(){var ct_input_name = \"ct_checkjs_cf7_0d7de1aca9299fe63f3e0041f02638a3\";if (document.getElementById(ct_input_name) !== null) {var ct_input_value = document.getElementById(ct_input_name).value;document.getElementById(ct_input_name).value = document.getElementById(ct_input_name).value.replace(ct_input_value, '718e63818de22daca60eacaa8a46d2493060c89072363cb603a54ca859ff033c');}}, 1000);<\/script><input\n                    class=\"apbct_special_field apbct_email_id__wp_contact_form_7\"\n                    name=\"apbct__email_id__wp_contact_form_7\"\n                    aria-label=\"apbct__label_id__wp_contact_form_7\"\n                    type=\"text\" size=\"30\" maxlength=\"200\" autocomplete=\"off\"\n                    value=\"\"\n                \/><div class=\"wpcf7-response-output\" aria-hidden=\"true\"><\/div>\n<input type=\"hidden\" name=\"trp-form-language\" value=\"tr\"\/><\/form>\n<\/div>","protected":false},"excerpt":{"rendered":"<p><span class=\"span-reading-time rt-reading-time\" style=\"display: block;\"><span class=\"rt-label rt-prefix\">Okuma s\u00fcresi<\/span> <span class=\"rt-time\"> &lt; 1<\/span> <span class=\"rt-label rt-postfix\">Dakika<\/span><\/span>Bireysel ihtiya\u00e7lar\u0131n\u0131za g\u00f6re \u00f6zelle\u015ftirilmi\u015f ba\u011f\u0131ms\u0131z, uzman dan\u0131\u015fmanl\u0131k hizmeti, projeniz i\u00e7in size planlama g\u00fcvenli\u011fi ve yat\u0131r\u0131m korumas\u0131 sunar. Hem sabit hem de mobil uygulamalar i\u00e7in a\u015fa\u011f\u0131daki alanlar mevcuttur: Sorununuzu istedi\u011finiz zaman iletebilir ve \u00fccretsiz bir ilk dan\u0131\u015fmanl\u0131k talep edebilirsiniz:<\/p>","protected":false},"author":1,"featured_media":0,"parent":0,"menu_order":0,"comment_status":"closed","ping_status":"closed","template":"","meta":{"_lmt_disableupdate":"","_lmt_disable":"","neve_meta_sidebar":"","neve_meta_container":"","neve_meta_enable_content_width":"","neve_meta_content_width":0,"neve_meta_title_alignment":"","neve_meta_author_avatar":"","neve_post_elements_order":"","neve_meta_disable_header":"","neve_meta_disable_footer":"","neve_meta_disable_title":"","footnotes":""},"class_list":["post-4174","page","type-page","status-publish","hentry"],"_links":{"self":[{"href":"https:\/\/csiag.eu\/tr\/wp-json\/wp\/v2\/pages\/4174","targetHints":{"allow":["GET"]}}],"collection":[{"href":"https:\/\/csiag.eu\/tr\/wp-json\/wp\/v2\/pages"}],"about":[{"href":"https:\/\/csiag.eu\/tr\/wp-json\/wp\/v2\/types\/page"}],"author":[{"embeddable":true,"href":"https:\/\/csiag.eu\/tr\/wp-json\/wp\/v2\/users\/1"}],"replies":[{"embeddable":true,"href":"https:\/\/csiag.eu\/tr\/wp-json\/wp\/v2\/comments?post=4174"}],"version-history":[{"count":0,"href":"https:\/\/csiag.eu\/tr\/wp-json\/wp\/v2\/pages\/4174\/revisions"}],"wp:attachment":[{"href":"https:\/\/csiag.eu\/tr\/wp-json\/wp\/v2\/media?parent=4174"}],"curies":[{"name":"wp","href":"https:\/\/api.w.org\/{rel}","templated":true}]}}